{"id":7,"date":"2019-04-18T13:48:31","date_gmt":"2019-04-18T11:48:31","guid":{"rendered":"http:\/\/nathalie-lyoncaen.com\/?page_id=7"},"modified":"2019-04-18T13:55:04","modified_gmt":"2019-04-18T11:55:04","slug":"a-propos","status":"publish","type":"page","link":"https:\/\/nathalie-lyoncaen.com\/index.php\/a-propos\/","title":{"rendered":"\u00c0 propos"},"content":{"rendered":"\n<div class=\"wp-block-image\"><figure class=\"aligncenter\"><img decoding=\"async\" loading=\"lazy\" width=\"1024\" height=\"546\" src=\"http:\/\/nathalie-lyoncaen.com\/wp-content\/uploads\/2019\/04\/Untitled-9-1024x546.png\" alt=\"\" class=\"wp-image-10\" srcset=\"https:\/\/nathalie-lyoncaen.com\/wp-content\/uploads\/2019\/04\/Untitled-9-1024x546.png 1024w, https:\/\/nathalie-lyoncaen.com\/wp-content\/uploads\/2019\/04\/Untitled-9-300x160.png 300w, https:\/\/nathalie-lyoncaen.com\/wp-content\/uploads\/2019\/04\/Untitled-9-768x410.png 768w, https:\/\/nathalie-lyoncaen.com\/wp-content\/uploads\/2019\/04\/Untitled-9.png 1500w\" sizes=\"(max-width: 1024px) 100vw, 1024px\" \/><\/figure><\/div>\n\n\n\n<p style=\"text-align:center\">\u00a0\u00bb <em>Passionn\u00e9e par mon m\u00e9tier, j\u2019ai a c\u0153ur de satisfaire<br> la demande de mes clients, surtout les plus exigeants !<\/em> \u00ab\u00a0<\/p>\n\n\n\n<h2 class=\"wp-block-heading\"><strong>Ma formation\n<\/strong><\/h2>\n\n\n\n<p>2001-2003 : <strong>BTS \u00e9dition<\/strong> \u00e0 l\u2019\u00e9cole Estienne, Paris.<br>1999-2001 : <strong>\u00c9cole r\u00e9gionale des beaux-arts de Rennes<\/strong> (option communication). <br>1998-1999 : <strong>Histoire de l\u2019art<\/strong> \u00e0 l\u2019universit\u00e9 Paris IV.<br>1998 : <strong>Baccalaur\u00e9at<\/strong>, s\u00e9rie litt\u00e9raire option arts plastiques. <\/p>\n\n\n\n<h2 class=\"wp-block-heading\"><strong>Mon parcours\n<\/strong><\/h2>\n\n\n\n<p>Depuis 2012 :<strong> Graphiste freelance<\/strong>, Montpellier <br>(Presse : Vent Sud, D\u00e9cor&amp;sens, Second life magazine, Expression Groupe \/ Entreprise : 3Liz, Spirit of Trail, L\u2019air du Large, La Vie Naturelle \/ Association : AFEID (Association Fran\u00e7aise pour l\u2019Eau l\u2019Irrigation et le Drainage), ICID (International Commission on Irrigation &amp; Drainage), IWRA (International Water Resources Association),WWC (World Water Council, \u00c9tincelle Occitanie, Onco\u2019Sport \/ Liste non exhaustive) <\/p>\n\n\n\n<p>Novembre 2006-juin 2011 : <strong>Graphiste pour l\u2019agence Contrepoint<\/strong>, Montpellier.<br>Mai 2005-octobre 2006 : <strong>Assistante de direction<\/strong> pour le magazine <em>Belles Maisons \u00e0 louer <\/em>&#8211; <em>Le Figaro<\/em>. <br>Septembre-mars 2005 : <strong>Graphiste pour l\u2019agence Initiales<\/strong>, Montpellier.<br>2004-2005 : collaboration <strong>freelance<\/strong> avec l\u2019Andra (Agence nationale de la gestion des d\u00e9chets radioactifs) pour diff\u00e9rentes plaquettes de communication destin\u00e9es au grand public.<br> 2004-2005 : <strong>graphiste freelance<\/strong> pour la galerie Au Bonheur du Jour, Paris.<br> 2003-2005 : graphiste freelance. Fondation du collectif de inKwarto.<br> 2003 : collaboration (fabrication) avec les \u00e9ditions Locus Solus, Paris.<br> Juillet 2003 : stage d\u2019assistante \u00e9ditoriale chez Actes Sud Junior.<br> Janvier 2003 : stage au service fabrication chez Somogy \u00c9ditions d\u2019art.<br> 2002-2003 : \u00e9tude d\u2019un projet \u00e9ditorial en collaboration avec le Palais de la d\u00e9couverte, Paris. Juillet-d\u00e9cembre 2002 : attach\u00e9e de presse et maquettiste des \u00e9ditions Th\u00e9l\u00e8s.<br>Juin 2002 : stage au service \u00e9ditorial des \u00e9ditions Th\u00e9l\u00e8s, Paris.<br>Mars 2001 : stage de PAO dans l\u2019entreprise de photogravure PackBow. <\/p>\n","protected":false},"excerpt":{"rendered":"<p>\u00a0\u00bb Passionn\u00e9e par mon m\u00e9tier, j\u2019ai a c\u0153ur de satisfaire la demande de mes clients, surtout les plus exigeants ! \u00ab\u00a0 Ma formation 2001-2003 : BTS \u00e9dition \u00e0 l\u2019\u00e9cole Estienne, Paris.1999-2001 : \u00c9cole r\u00e9gionale des beaux-arts de Rennes (option communication). 1998-1999 : Histoire de l\u2019art \u00e0 l\u2019universit\u00e9 Paris IV.1998 : Baccalaur\u00e9at, s\u00e9rie litt\u00e9raire option arts<\/p>\n","protected":false},"author":1,"featured_media":0,"parent":0,"menu_order":0,"comment_status":"closed","ping_status":"closed","template":"","meta":{"ngg_post_thumbnail":0},"_links":{"self":[{"href":"https:\/\/nathalie-lyoncaen.com\/index.php\/wp-json\/wp\/v2\/pages\/7"}],"collection":[{"href":"https:\/\/nathalie-lyoncaen.com\/index.php\/wp-json\/wp\/v2\/pages"}],"about":[{"href":"https:\/\/nathalie-lyoncaen.com\/index.php\/wp-json\/wp\/v2\/types\/page"}],"author":[{"embeddable":true,"href":"https:\/\/nathalie-lyoncaen.com\/index.php\/wp-json\/wp\/v2\/users\/1"}],"replies":[{"embeddable":true,"href":"https:\/\/nathalie-lyoncaen.com\/index.php\/wp-json\/wp\/v2\/comments?post=7"}],"version-history":[{"count":6,"href":"https:\/\/nathalie-lyoncaen.com\/index.php\/wp-json\/wp\/v2\/pages\/7\/revisions"}],"predecessor-version":[{"id":16,"href":"https:\/\/nathalie-lyoncaen.com\/index.php\/wp-json\/wp\/v2\/pages\/7\/revisions\/16"}],"wp:attachment":[{"href":"https:\/\/nathalie-lyoncaen.com\/index.php\/wp-json\/wp\/v2\/media?parent=7"}],"curies":[{"name":"wp","href":"https:\/\/api.w.org\/{rel}","templated":true}]}}